{"id":1124,"date":"2025-02-05T11:43:22","date_gmt":"2025-02-05T09:43:22","guid":{"rendered":"https:\/\/moltivolti.org\/attivita-sociali\/"},"modified":"2025-05-12T10:45:58","modified_gmt":"2025-05-12T08:45:58","slug":"attivita-sociali","status":"publish","type":"page","link":"https:\/\/moltivolti.org\/en\/attivita-sociali\/","title":{"rendered":"Social activities"},"content":{"rendered":"<div class=\"wpb-content-wrapper\"><p>[vc_row gap=&#8221;30&#8243; css=&#8221;.vc_custom_1738842311141{padding-bottom: 30px !important;}&#8221;][vc_column width=&#8221;1\/2&#8243;][vc_column_text css=&#8221;&#8221;]Our goal is to provide concrete and accessible opportunities for participants to develop soft skills and professional competencies through training paths and hands-on experiences.<\/p>\n<p><strong>Training and Professional Experiences<\/strong><br \/>\nInternships and apprenticeships in the food service industry (kitchen, dining room, and gelato shop) and in the management of social projects and activities.<\/p>\n<p><strong>Skills Training and Development<\/strong><\/p>\n<ul>\n<li>Computer courses<\/li>\n<li>Italian language courses<\/li>\n<li>Job orientation programs<\/li>\n<li>Intercultural workshops<\/li>\n<\/ul>\n<p><strong>Support for Professionals and Associations<\/strong><\/p>\n<ul>\n<li>Training on managing diversity in multicultural contexts<\/li>\n<li>Consulting and support for the creation and development of new associations<\/li>\n<\/ul>\n<p>We are committed to creating an inclusive environment where each person can acquire skills useful for their future \u2014 fostering both personal and professional growth.<\/p>\n<p><strong>Community Services<\/strong><br \/>\nOver the years, through listening and dialogue with the local area, the Moltivolti team has recognized the importance of activating targeted services to support the community.<\/p>\n<p>In particular, Moltivolti APS provides the following services:<\/p>\n<ul>\n<li>Support Desk for Associations<\/li>\n<\/ul>\n<p>After several informal mentoring experiences, we launched a help desk to assist young people and adults interested in starting an association.<\/p>\n<p>Based on an analysis of training needs, we offer free courses and conferences on essential topics, including:<\/p>\n<ul>\n<li>Association management and administration<\/li>\n<li>Budget creation and management<\/li>\n<li>Organization of collective actions<\/li>\n<li>Project cycle management<\/li>\n<li>Fundraising and financing<\/li>\n<\/ul>\n<p>To schedule an appointment, write to: <a href=\"mailto:associazione@moltivolti.org\">associazione@moltivolti.org<\/a>[\/vc_column_text][\/vc_column][vc_column width=&#8221;1\/2&#8243;][vc_single_image image=&#8221;995&#8243; img_size=&#8221;full&#8221; alignment=&#8221;center&#8221; css=&#8221;&#8221; image_hovers=&#8221;false&#8221;][\/vc_column][\/vc_row][vc_row gap=&#8221;30&#8243; css=&#8221;.vc_custom_1738842311141{padding-bottom: 30px !important;}&#8221;][vc_column width=&#8221;1\/2&#8243;][vc_column_text css=&#8221;&#8221;]<strong>Proximity Support Desk<\/strong><br \/>\nIn collaboration with various local organizations, we welcome and guide people with specific needs, directing them to the most suitable services available in the city. Thanks to our network, we can help facilitate access to resources and opportunities offered by:<\/p>\n<ul>\n<li>Arci Porco Rosso<\/li>\n<li>Cledu<\/li>\n<li>Parco del Sole<\/li>\n<li>Santa Chiara<\/li>\n<li>Casa Ancora<\/li>\n<li>SOS Ballar\u00f2<\/li>\n<li>Addio Pizzo<\/li>\n<li>Sbaratto<\/li>\n<li>Booq<\/li>\n<li>Associazione dei Gambiani a Palermo<\/li>\n<li>Giocherenda<\/li>\n<li>Prism<\/li>\n<li>Ecomuseo Mare Memoria Viva<\/li>\n<li>Libera<\/li>\n<li>CESIE<\/li>\n<li>DiVento<\/li>\n<li>Per Esempio<\/li>\n<li>Send<br \/>\nand more.<\/li>\n<\/ul>\n<p>Our goal is to create connections and provide concrete support to those facing difficult situations, by valuing and connecting local resources and uncovering talents.<\/p>\n<p><strong>Activities with Schools<\/strong><br \/>\nThroughout the year, we welcome school groups of all ages and levels to explore our community, the neighborhood, and the stories of the people who live and work at Moltivolti.\u2028These visits are an opportunity to deepen understanding of key topics for our community:<\/p>\n<ul>\n<li>Migration and the right to mobility<\/li>\n<li>Inequalities and privilege<\/li>\n<li>European policies and their impact on migrants<\/li>\n<li>Good practices in hospitality in Palermo<\/li>\n<\/ul>\n<p>An experience of cultures and flavors: during the school visits, students can taste our international cuisine and listen to the stories of those who prepare it and live it every day.<br \/>\nWe have also developed an intercultural program that brings together local students and newly arrived youth, facilitating a process of mutual understanding. The program encourages the exchange of information about their countries of origin, the exploration and deconstruction of stereotypes and prejudices, and the creation of a dialogue in which all individuals are granted equal dignity and recognition. It is a space where every linguistic, cultural, and value-based heritage is given room for expression.<\/p>\n<p><strong>Activities in collaboration with the \u201cMalaspina\u201d Juvenile Detention Center<\/strong><br \/>\nFor about a year, Moltivolti has been running \u201cworld cuisine\u201d and intercultural workshops inside the Malaspina juvenile prison. We also host internship experiences for minors referred by the U.S.S.M. (Juvenile Social Services Office).<\/p>\n<p><strong>Social Project Development Department\u2028<\/strong><br \/>\nMoltivolti Social Enterprise, together with Moltivolti APS, manages a national and international social design department, developing projects and initiatives in the local area and connecting the international dimension with the local one, with the aim of expanding intervention practices and methodologies.<br \/>\nIf you\u2019d like to collaborate with us, contact: <a href=\"mailto:roberta.lobianco@moltivolti.org\">roberta.lobianco@moltivolti.org<\/a>[\/vc_column_text][\/vc_column][vc_column width=&#8221;1\/2&#8243;][vc_single_image image=&#8221;994&#8243; img_size=&#8221;full&#8221; alignment=&#8221;center&#8221; css=&#8221;&#8221; image_hovers=&#8221;false&#8221;][\/vc_column][\/vc_row][vc_row disable_element=&#8221;yes&#8221;][vc_column][vc_column_text css=&#8221;&#8221;]<span data-removefontsize=\"true\" data-originalcomputedfontsize=\"13.333333\">Questo toolkit \u00e8 stato progettato nell&#8217;ambito del progetto Divers\u0259cting che ha visto operatori di Palermo e Atene svolgere attivit\u00e0 laboratoriali con giovani con diverso background culturale e linguistico, di diversa origine e provenienza. Il toolkit contiene un set di attivit\u00e0 di educazione non formale e mira a supportare operatori giovanili e facilitatori che dedicano il loro impegno alla costruzione di societ\u00e0 pi\u00f9 coese, interculturali, inclusive e partecipative. \u00c8 rivolto a tutti coloro che lavorano con i giovani, siano essi residenti locali o nuovi arrivati con background migratorio, fornendo strumenti concreti per favorire la comprensione reciproca e una convivenza armoniosa.<\/span>[\/vc_column_text][vc_empty_space height=&#8221;20px&#8221;]<a href=\"https:\/\/moltivolti.org\/pdf\/Toolkit%20Diversecting_it.pdf\" class=\"btn-shortcode dt-btn-s dt-btn default-btn-color default-btn-hover-color default-btn-bg-color default-btn-bg-hover-color\" target=\"_blank\" id=\"dt-btn-1\" rel=\"noopener\"><span>TOOLKIT PER OPERATORI SOCIALI E GIOVANILI<\/span><\/a>[\/vc_column][\/vc_row]<\/p>\n<\/div>","protected":false},"excerpt":{"rendered":"<p>[vc_row gap=&#8221;30&#8243; css=&#8221;.vc_custom_1738842311141{padding-bottom: 30px !important;}&#8221;][vc_column width=&#8221;1\/2&#8243;][vc_column_text css=&#8221;&#8221;]Our goal is to provide concrete and accessible opportunities for participants to develop soft skills and professional competencies through training paths and hands-on experiences. Training and Professional Experiences Internships and apprenticeships in the food service industry (kitchen, dining room, and gelato shop) and in the management of social projects&hellip;<\/p>\n","protected":false},"author":1,"featured_media":0,"parent":0,"menu_order":0,"comment_status":"closed","ping_status":"closed","template":"","meta":{"footnotes":""},"class_list":["post-1124","page","type-page","status-publish","hentry","description-off"],"aioseo_notices":[],"_links":{"self":[{"href":"https:\/\/moltivolti.org\/en\/wp-json\/wp\/v2\/pages\/1124","targetHints":{"allow":["GET"]}}],"collection":[{"href":"https:\/\/moltivolti.org\/en\/wp-json\/wp\/v2\/pages"}],"about":[{"href":"https:\/\/moltivolti.org\/en\/wp-json\/wp\/v2\/types\/page"}],"author":[{"embeddable":true,"href":"https:\/\/moltivolti.org\/en\/wp-json\/wp\/v2\/users\/1"}],"replies":[{"embeddable":true,"href":"https:\/\/moltivolti.org\/en\/wp-json\/wp\/v2\/comments?post=1124"}],"version-history":[{"count":5,"href":"https:\/\/moltivolti.org\/en\/wp-json\/wp\/v2\/pages\/1124\/revisions"}],"predecessor-version":[{"id":1230,"href":"https:\/\/moltivolti.org\/en\/wp-json\/wp\/v2\/pages\/1124\/revisions\/1230"}],"wp:attachment":[{"href":"https:\/\/moltivolti.org\/en\/wp-json\/wp\/v2\/media?parent=1124"}],"curies":[{"name":"wp","href":"https:\/\/api.w.org\/{rel}","templated":true}]}}